{"id":125,"date":"2024-10-14T16:17:50","date_gmt":"2024-10-14T16:17:50","guid":{"rendered":"https:\/\/www.designeforma-development.com\/hitalent\/?page_id=125"},"modified":"2024-11-14T15:17:39","modified_gmt":"2024-11-14T15:17:39","slug":"suporte","status":"publish","type":"page","link":"https:\/\/hitalent.pt\/en\/suporte\/","title":{"rendered":"Suporte"},"content":{"rendered":"<div class=\"wp-block-cover\"><span aria-hidden=\"true\" class=\"wp-block-cover__background has-ast-global-color-5-background-color has-background-dim-100 has-background-dim\"><\/span><div class=\"wp-block-cover__inner-container is-layout-constrained wp-block-cover-is-layout-constrained\">\n<div class=\"wp-block-essential-blocks-advanced-tabs  root-eb-advanced-tabs-3npjj\"><div class=\"eb-parent-wrapper eb-parent-eb-advanced-tabs-3npjj\"><div class=\"eb-advanced-tabs-3npjj eb-advanced-tabs-wrapper vertical\" data-min-height=\"true\"><div class=\"eb-tabs-nav\"><ul class=\"tabTitles\" data-tabs-ul-id=\"eb-advanced-tabs-3npjj\"><li data-title-tab-id=\"1\" data-title-custom-id=\"\" class=\"active\"><h3 class=\"tab-title-text\">A\u00e7\u00f5es de Forma\u00e7\u00e3o<\/h3><\/li><li data-title-tab-id=\"2\" data-title-custom-id=\"\" class=\"inactive\"><h3 class=\"tab-title-text\">Avalia\u00e7\u00e3o 360<\/h3><\/li><li data-title-tab-id=\"3\" data-title-custom-id=\"\" class=\"inactive\"><h3 class=\"tab-title-text\">Performance evaluation<\/h3><\/li><li data-title-tab-id=\"4\" class=\"inactive\"><h3 class=\"tab-title-text\">Colaborador<\/h3><\/li><li data-title-tab-id=\"5\" class=\"inactive\"><h3 class=\"tab-title-text\">Compet\u00eancias<\/h3><\/li><li data-title-tab-id=\"6\" class=\"inactive\"><h3 class=\"tab-title-text\">Criar Perfil de Colaborador<\/h3><\/li><li data-title-tab-id=\"7\" class=\"inactive\"><h3 class=\"tab-title-text\">Desenvolvimento de Carreira<\/h3><\/li><li data-title-tab-id=\"8\" class=\"inactive\"><h3 class=\"tab-title-text\">Feedback<\/h3><\/li><li data-title-tab-id=\"9\" class=\"inactive\"><h3 class=\"tab-title-text\">F\u00e9rias &#8211; Colaboradores<\/h3><\/li><li data-title-tab-id=\"10\" class=\"inactive\"><h3 class=\"tab-title-text\">Forma\u00e7\u00e3o e Desenvolvimento<\/h3><\/li><li data-title-tab-id=\"11\" class=\"inactive\"><h3 class=\"tab-title-text\">Levantamento Necessidades Forma\u00e7\u00e3o<\/h3><\/li><li data-title-tab-id=\"12\" class=\"inactive\"><h3 class=\"tab-title-text\">M\u00f3dulo Estudo<\/h3><\/li><li data-title-tab-id=\"13\" class=\"inactive\"><h3 class=\"tab-title-text\">Objetivos<\/h3><\/li><li data-title-tab-id=\"14\" class=\"inactive\"><h3 class=\"tab-title-text\">Organisational Chart<\/h3><\/li><li data-title-tab-id=\"15\" class=\"inactive\"><h3 class=\"tab-title-text\">Personal Development Plan<\/h3><\/li><li data-title-tab-id=\"16\" class=\"inactive\"><h3 class=\"tab-title-text\">Plano de Forma\u00e7\u00e3o<\/h3><\/li><\/ul><\/div><div class=\"eb-tabs-contents\">\n<div class=\"eb-tab-wrapper\" data-tab-id=\"1\" data-tab-parent-id=\"eb-advanced-tabs-3npjj\"><div class=\"eb-tab-inner\">\n<h3 class=\"wp-block-heading\">A\u00e7\u00f5es de Forma\u00e7\u00e3o<\/h3>\n\n\n\n<div class=\"wp-block-essential-blocks-advanced-video  root-eb-advanced-video-l0u9i\"><div class=\"eb-parent-wrapper eb-parent-eb-advanced-video-l0u9i\"><div class=\"eb-advanced-video-wrapper eb-advanced-video-l0u9i none\" data-id=\"eb-advanced-video-l0u9i\"><div class=\"eb-player-wrapper eb-advanced-video-l0u9i\"><div class=\"eb-player-option none right\" data-id=\"eb-advanced-video-l0u9i\" data-url=\"https:\/\/youtu.be\/lCjN4LQ3cNg\" data-option=\"none\" data-controls=\"true\" data-loop=\"false\" data-muted=\"false\" data-playing=\"false\" data-overlay=\"false\" data-light=\"https:\/\/www.designeforma-development.com\/hitalent\/wp-content\/uploads\/2024\/10\/slider.jpg\" data-customplayicontype=\"icon\" data-customplayiconlib=\"fas fa-play-circle\" data-customplayicon=\"true\" data-playicon=\"https:\/\/www.designeforma-development.com\/hitalent\/wp-content\/plugins\/essential-blocks\/assets\/images\/adv-video-playicon.svg\" data-download=\"false\"><\/div><\/div><\/div><\/div><\/div>\n<\/div><\/div>\n\n\n\n<div class=\"eb-tab-wrapper\" data-tab-id=\"2\" data-tab-parent-id=\"eb-advanced-tabs-3npjj\"><div class=\"eb-tab-inner\">\n<h3 class=\"wp-block-heading\">Avalia\u00e7\u00e3o 360<\/h3>\n\n\n\n<div class=\"wp-block-essential-blocks-advanced-video  root-eb-advanced-video-9u95y\"><div class=\"eb-parent-wrapper eb-parent-eb-advanced-video-9u95y\"><div class=\"eb-advanced-video-wrapper eb-advanced-video-9u95y none\" data-id=\"eb-advanced-video-9u95y\"><div class=\"eb-player-wrapper eb-advanced-video-9u95y\"><div class=\"eb-player-option none right\" data-id=\"eb-advanced-video-9u95y\" data-url=\"https:\/\/youtu.be\/7FRgjRcf01o\" data-option=\"none\" data-controls=\"true\" data-loop=\"false\" data-muted=\"false\" data-playing=\"false\" data-overlay=\"false\" data-light=\"https:\/\/www.designeforma-development.com\/hitalent\/wp-content\/uploads\/2024\/10\/slider.jpg\" data-customplayicontype=\"icon\" data-customplayiconlib=\"fas fa-play-circle\" data-customplayicon=\"true\" data-playicon=\"https:\/\/www.designeforma-development.com\/hitalent\/wp-content\/plugins\/essential-blocks\/assets\/images\/adv-video-playicon.svg\" data-download=\"false\"><\/div><\/div><\/div><\/div><\/div>\n<\/div><\/div>\n\n\n\n<div class=\"eb-tab-wrapper\" data-tab-id=\"3\" data-tab-parent-id=\"eb-advanced-tabs-3npjj\"><div class=\"eb-tab-inner\">\n<h3 class=\"wp-block-heading\">Performance evaluation<\/h3>\n\n\n\n<div class=\"wp-block-essential-blocks-advanced-video  root-eb-advanced-video-6eje8\"><div class=\"eb-parent-wrapper eb-parent-eb-advanced-video-6eje8\"><div class=\"eb-advanced-video-wrapper eb-advanced-video-6eje8 none\" data-id=\"eb-advanced-video-6eje8\"><div class=\"eb-player-wrapper eb-advanced-video-6eje8\"><div class=\"eb-player-option none right\" data-id=\"eb-advanced-video-6eje8\" data-url=\"https:\/\/youtu.be\/FmwSVt6gEFg\" data-option=\"none\" data-controls=\"true\" data-loop=\"false\" data-muted=\"false\" data-playing=\"false\" data-overlay=\"false\" data-light=\"https:\/\/www.designeforma-development.com\/hitalent\/wp-content\/uploads\/2024\/10\/slider.jpg\" data-customplayicontype=\"icon\" data-customplayiconlib=\"fas fa-play-circle\" data-customplayicon=\"true\" data-playicon=\"https:\/\/www.designeforma-development.com\/hitalent\/wp-content\/plugins\/essential-blocks\/assets\/images\/adv-video-playicon.svg\" data-download=\"false\"><\/div><\/div><\/div><\/div><\/div>\n<\/div><\/div>\n\n\n\n<div class=\"eb-tab-wrapper\" data-tab-id=\"4\" data-tab-parent-id=\"eb-advanced-tabs-3npjj\"><div class=\"eb-tab-inner\">\n<h3 class=\"wp-block-heading\">Colaborador<\/h3>\n\n\n\n<div class=\"wp-block-essential-blocks-advanced-video  root-eb-advanced-video-98yf2\"><div class=\"eb-parent-wrapper eb-parent-eb-advanced-video-98yf2\"><div class=\"eb-advanced-video-wrapper eb-advanced-video-98yf2 none\" data-id=\"eb-advanced-video-98yf2\"><div class=\"eb-player-wrapper eb-advanced-video-98yf2\"><div class=\"eb-player-option none right\" data-id=\"eb-advanced-video-98yf2\" data-url=\"https:\/\/youtu.be\/KBI1XXCkx3k\" data-option=\"none\" data-controls=\"true\" data-loop=\"false\" data-muted=\"false\" data-playing=\"false\" data-overlay=\"false\" data-light=\"https:\/\/www.designeforma-development.com\/hitalent\/wp-content\/uploads\/2024\/10\/slider.jpg\" data-customplayicontype=\"icon\" data-customplayiconlib=\"fas fa-play-circle\" data-customplayicon=\"true\" data-playicon=\"https:\/\/www.designeforma-development.com\/hitalent\/wp-content\/plugins\/essential-blocks\/assets\/images\/adv-video-playicon.svg\" data-download=\"false\"><\/div><\/div><\/div><\/div><\/div>\n<\/div><\/div>\n\n\n\n<div class=\"eb-tab-wrapper\" data-tab-id=\"5\" data-tab-parent-id=\"eb-advanced-tabs-3npjj\"><div class=\"eb-tab-inner\">\n<h3 class=\"wp-block-heading\">Compet\u00eancias<\/h3>\n\n\n\n<div class=\"wp-block-essential-blocks-advanced-video  root-eb-advanced-video-lijy8\"><div class=\"eb-parent-wrapper eb-parent-eb-advanced-video-lijy8\"><div class=\"eb-advanced-video-wrapper eb-advanced-video-lijy8 none\" data-id=\"eb-advanced-video-lijy8\"><div class=\"eb-player-wrapper eb-advanced-video-lijy8\"><div class=\"eb-player-option none right\" data-id=\"eb-advanced-video-lijy8\" data-url=\"https:\/\/youtu.be\/sRY2dO4S3NA\" data-option=\"none\" data-controls=\"true\" data-loop=\"false\" data-muted=\"false\" data-playing=\"false\" data-overlay=\"false\" data-light=\"https:\/\/www.designeforma-development.com\/hitalent\/wp-content\/uploads\/2024\/10\/slider.jpg\" data-customplayicontype=\"icon\" data-customplayiconlib=\"fas fa-play-circle\" data-customplayicon=\"true\" data-playicon=\"https:\/\/www.designeforma-development.com\/hitalent\/wp-content\/plugins\/essential-blocks\/assets\/images\/adv-video-playicon.svg\" data-download=\"false\"><\/div><\/div><\/div><\/div><\/div>\n<\/div><\/div>\n\n\n\n<div class=\"eb-tab-wrapper\" data-tab-id=\"6\" data-tab-parent-id=\"eb-advanced-tabs-3npjj\"><div class=\"eb-tab-inner\">\n<h3 class=\"wp-block-heading\">Criar Perfil de Colaborador<\/h3>\n\n\n\n<div class=\"wp-block-essential-blocks-advanced-video  root-eb-advanced-video-q7892\"><div class=\"eb-parent-wrapper eb-parent-eb-advanced-video-q7892\"><div class=\"eb-advanced-video-wrapper eb-advanced-video-q7892 none\" data-id=\"eb-advanced-video-q7892\"><div class=\"eb-player-wrapper eb-advanced-video-q7892\"><div class=\"eb-player-option none right\" data-id=\"eb-advanced-video-q7892\" data-url=\"https:\/\/youtu.be\/yreb543eZYY\" data-option=\"none\" data-controls=\"true\" data-loop=\"false\" data-muted=\"false\" data-playing=\"false\" data-overlay=\"false\" data-light=\"https:\/\/www.designeforma-development.com\/hitalent\/wp-content\/uploads\/2024\/10\/slider.jpg\" data-customplayicontype=\"icon\" data-customplayiconlib=\"fas fa-play-circle\" data-customplayicon=\"true\" data-playicon=\"https:\/\/www.designeforma-development.com\/hitalent\/wp-content\/plugins\/essential-blocks\/assets\/images\/adv-video-playicon.svg\" data-download=\"false\"><\/div><\/div><\/div><\/div><\/div>\n<\/div><\/div>\n\n\n\n<div class=\"eb-tab-wrapper\" data-tab-id=\"7\" data-tab-parent-id=\"eb-advanced-tabs-3npjj\"><div class=\"eb-tab-inner\">\n<h3 class=\"wp-block-heading\">Desenvolvimento de Carreira<\/h3>\n\n\n\n<div class=\"wp-block-essential-blocks-advanced-video  root-eb-advanced-video-ybj48\"><div class=\"eb-parent-wrapper eb-parent-eb-advanced-video-ybj48\"><div class=\"eb-advanced-video-wrapper eb-advanced-video-ybj48 none\" data-id=\"eb-advanced-video-ybj48\"><div class=\"eb-player-wrapper eb-advanced-video-ybj48\"><div class=\"eb-player-option none right\" data-id=\"eb-advanced-video-ybj48\" data-url=\"https:\/\/youtu.be\/zZCYE3DSlTg\" data-option=\"none\" data-controls=\"true\" data-loop=\"false\" data-muted=\"false\" data-playing=\"false\" data-overlay=\"false\" data-light=\"https:\/\/www.designeforma-development.com\/hitalent\/wp-content\/uploads\/2024\/10\/slider.jpg\" data-customplayicontype=\"icon\" data-customplayiconlib=\"fas fa-play-circle\" data-customplayicon=\"true\" data-playicon=\"https:\/\/www.designeforma-development.com\/hitalent\/wp-content\/plugins\/essential-blocks\/assets\/images\/adv-video-playicon.svg\" data-download=\"false\"><\/div><\/div><\/div><\/div><\/div>\n<\/div><\/div>\n\n\n\n<div class=\"eb-tab-wrapper\" data-tab-id=\"8\" data-tab-parent-id=\"eb-advanced-tabs-3npjj\"><div class=\"eb-tab-inner\">\n<h3 class=\"wp-block-heading\">Feedback<\/h3>\n\n\n\n<div class=\"wp-block-essential-blocks-advanced-video  root-eb-advanced-video-rqp6r\"><div class=\"eb-parent-wrapper eb-parent-eb-advanced-video-rqp6r\"><div class=\"eb-advanced-video-wrapper eb-advanced-video-rqp6r none\" data-id=\"eb-advanced-video-rqp6r\"><div class=\"eb-player-wrapper eb-advanced-video-rqp6r\"><div class=\"eb-player-option none right\" data-id=\"eb-advanced-video-rqp6r\" data-url=\"https:\/\/youtu.be\/iUs-b3JJMCw\" data-option=\"none\" data-controls=\"true\" data-loop=\"false\" data-muted=\"false\" data-playing=\"false\" data-overlay=\"false\" data-light=\"https:\/\/www.designeforma-development.com\/hitalent\/wp-content\/uploads\/2024\/10\/slider.jpg\" data-customplayicontype=\"icon\" data-customplayiconlib=\"fas fa-play-circle\" data-customplayicon=\"true\" data-playicon=\"https:\/\/www.designeforma-development.com\/hitalent\/wp-content\/plugins\/essential-blocks\/assets\/images\/adv-video-playicon.svg\" data-download=\"false\"><\/div><\/div><\/div><\/div><\/div>\n<\/div><\/div>\n\n\n\n<div class=\"eb-tab-wrapper\" data-tab-id=\"9\" data-tab-parent-id=\"eb-advanced-tabs-3npjj\"><div class=\"eb-tab-inner\">\n<h3 class=\"wp-block-heading\">F\u00e9rias &#8211; Colaboradores<\/h3>\n\n\n\n<p>Conte\u00fado brevemente dispon\u00edvel.<\/p>\n<\/div><\/div>\n\n\n\n<div class=\"eb-tab-wrapper\" data-tab-id=\"10\" data-tab-parent-id=\"eb-advanced-tabs-3npjj\"><div class=\"eb-tab-inner\">\n<h3 class=\"wp-block-heading\">Forma\u00e7\u00e3o e Desenvolvimento<\/h3>\n\n\n\n<div class=\"wp-block-essential-blocks-advanced-video  root-eb-advanced-video-amwt5\"><div class=\"eb-parent-wrapper eb-parent-eb-advanced-video-amwt5\"><div class=\"eb-advanced-video-wrapper eb-advanced-video-amwt5 none\" data-id=\"eb-advanced-video-amwt5\"><div class=\"eb-player-wrapper eb-advanced-video-amwt5\"><div class=\"eb-player-option none right\" data-id=\"eb-advanced-video-amwt5\" data-url=\"https:\/\/youtu.be\/qo0cVIvcM9U\" data-option=\"none\" data-controls=\"true\" data-loop=\"false\" data-muted=\"false\" data-playing=\"false\" data-overlay=\"false\" data-light=\"https:\/\/www.designeforma-development.com\/hitalent\/wp-content\/uploads\/2024\/10\/slider.jpg\" data-customplayicontype=\"icon\" data-customplayiconlib=\"fas fa-play-circle\" data-customplayicon=\"true\" data-playicon=\"https:\/\/www.designeforma-development.com\/hitalent\/wp-content\/plugins\/essential-blocks\/assets\/images\/adv-video-playicon.svg\" data-download=\"false\"><\/div><\/div><\/div><\/div><\/div>\n<\/div><\/div>\n\n\n\n<div class=\"eb-tab-wrapper\" data-tab-id=\"11\" data-tab-parent-id=\"eb-advanced-tabs-3npjj\"><div class=\"eb-tab-inner\">\n<h3 class=\"wp-block-heading\">Levantamento Necessidades Forma\u00e7\u00e3o<\/h3>\n\n\n\n<div class=\"wp-block-essential-blocks-advanced-video  root-eb-advanced-video-at281\"><div class=\"eb-parent-wrapper eb-parent-eb-advanced-video-at281\"><div class=\"eb-advanced-video-wrapper eb-advanced-video-at281 none\" data-id=\"eb-advanced-video-at281\"><div class=\"eb-player-wrapper eb-advanced-video-at281\"><div class=\"eb-player-option none right\" data-id=\"eb-advanced-video-at281\" data-url=\"https:\/\/youtu.be\/WElw97weIQ8\" data-option=\"none\" data-controls=\"true\" data-loop=\"false\" data-muted=\"false\" data-playing=\"false\" data-overlay=\"false\" data-light=\"https:\/\/www.designeforma-development.com\/hitalent\/wp-content\/uploads\/2024\/10\/slider.jpg\" data-customplayicontype=\"icon\" data-customplayiconlib=\"fas fa-play-circle\" data-customplayicon=\"true\" data-playicon=\"https:\/\/www.designeforma-development.com\/hitalent\/wp-content\/plugins\/essential-blocks\/assets\/images\/adv-video-playicon.svg\" data-download=\"false\"><\/div><\/div><\/div><\/div><\/div>\n<\/div><\/div>\n\n\n\n<div class=\"eb-tab-wrapper\" data-tab-id=\"12\" data-tab-parent-id=\"eb-advanced-tabs-3npjj\"><div class=\"eb-tab-inner\">\n<h3 class=\"wp-block-heading\">M\u00f3dulo Estudo<\/h3>\n\n\n\n<div class=\"wp-block-essential-blocks-advanced-video  root-eb-advanced-video-4osvp\"><div class=\"eb-parent-wrapper eb-parent-eb-advanced-video-4osvp\"><div class=\"eb-advanced-video-wrapper eb-advanced-video-4osvp none\" data-id=\"eb-advanced-video-4osvp\"><div class=\"eb-player-wrapper eb-advanced-video-4osvp\"><div class=\"eb-player-option none right\" data-id=\"eb-advanced-video-4osvp\" data-url=\"https:\/\/youtu.be\/Fn-rnvoNmOc\" data-option=\"none\" data-controls=\"true\" data-loop=\"false\" data-muted=\"false\" data-playing=\"false\" data-overlay=\"false\" data-light=\"https:\/\/www.designeforma-development.com\/hitalent\/wp-content\/uploads\/2024\/10\/slider.jpg\" data-customplayicontype=\"icon\" data-customplayiconlib=\"fas fa-play-circle\" data-customplayicon=\"true\" data-playicon=\"https:\/\/www.designeforma-development.com\/hitalent\/wp-content\/plugins\/essential-blocks\/assets\/images\/adv-video-playicon.svg\" data-download=\"false\"><\/div><\/div><\/div><\/div><\/div>\n<\/div><\/div>\n\n\n\n<div class=\"eb-tab-wrapper\" data-tab-id=\"13\" data-tab-parent-id=\"eb-advanced-tabs-3npjj\"><div class=\"eb-tab-inner\">\n<h3 class=\"wp-block-heading\">Objetivos<\/h3>\n\n\n\n<div class=\"wp-block-essential-blocks-advanced-video  root-eb-advanced-video-ky2zk\"><div class=\"eb-parent-wrapper eb-parent-eb-advanced-video-ky2zk\"><div class=\"eb-advanced-video-wrapper eb-advanced-video-ky2zk none\" data-id=\"eb-advanced-video-ky2zk\"><div class=\"eb-player-wrapper eb-advanced-video-ky2zk\"><div class=\"eb-player-option none right\" data-id=\"eb-advanced-video-ky2zk\" data-url=\"https:\/\/youtu.be\/4op5afjhTPU\" data-option=\"none\" data-controls=\"true\" data-loop=\"false\" data-muted=\"false\" data-playing=\"false\" data-overlay=\"false\" data-light=\"https:\/\/www.designeforma-development.com\/hitalent\/wp-content\/uploads\/2024\/10\/slider.jpg\" data-customplayicontype=\"icon\" data-customplayiconlib=\"fas fa-play-circle\" data-customplayicon=\"true\" data-playicon=\"https:\/\/www.designeforma-development.com\/hitalent\/wp-content\/plugins\/essential-blocks\/assets\/images\/adv-video-playicon.svg\" data-download=\"false\"><\/div><\/div><\/div><\/div><\/div>\n<\/div><\/div>\n\n\n\n<div class=\"eb-tab-wrapper\" data-tab-id=\"14\" data-tab-parent-id=\"eb-advanced-tabs-3npjj\"><div class=\"eb-tab-inner\">\n<h3 class=\"wp-block-heading\">Organisational Chart<\/h3>\n\n\n\n<div class=\"wp-block-essential-blocks-advanced-video  root-eb-advanced-video-bhyal\"><div class=\"eb-parent-wrapper eb-parent-eb-advanced-video-bhyal\"><div class=\"eb-advanced-video-wrapper eb-advanced-video-bhyal none\" data-id=\"eb-advanced-video-bhyal\"><div class=\"eb-player-wrapper eb-advanced-video-bhyal\"><div class=\"eb-player-option none right\" data-id=\"eb-advanced-video-bhyal\" data-url=\"https:\/\/youtu.be\/f8lQcwbD0Ak\" data-option=\"none\" data-controls=\"true\" data-loop=\"false\" data-muted=\"false\" data-playing=\"false\" data-overlay=\"false\" data-light=\"https:\/\/www.designeforma-development.com\/hitalent\/wp-content\/uploads\/2024\/10\/slider.jpg\" data-customplayicontype=\"icon\" data-customplayiconlib=\"fas fa-play-circle\" data-customplayicon=\"true\" data-playicon=\"https:\/\/www.designeforma-development.com\/hitalent\/wp-content\/plugins\/essential-blocks\/assets\/images\/adv-video-playicon.svg\" data-download=\"false\"><\/div><\/div><\/div><\/div><\/div>\n<\/div><\/div>\n\n\n\n<div class=\"eb-tab-wrapper\" data-tab-id=\"15\" data-tab-parent-id=\"eb-advanced-tabs-3npjj\"><div class=\"eb-tab-inner\">\n<h3 class=\"wp-block-heading\">Personal Development Plan<\/h3>\n\n\n\n<div class=\"wp-block-essential-blocks-advanced-video  root-eb-advanced-video-rr23r\"><div class=\"eb-parent-wrapper eb-parent-eb-advanced-video-rr23r\"><div class=\"eb-advanced-video-wrapper eb-advanced-video-rr23r none\" data-id=\"eb-advanced-video-rr23r\"><div class=\"eb-player-wrapper eb-advanced-video-rr23r\"><div class=\"eb-player-option none right\" data-id=\"eb-advanced-video-rr23r\" data-url=\"https:\/\/youtu.be\/tZonhgjPrzk\" data-option=\"none\" data-controls=\"true\" data-loop=\"false\" data-muted=\"false\" data-playing=\"false\" data-overlay=\"false\" data-light=\"https:\/\/www.designeforma-development.com\/hitalent\/wp-content\/uploads\/2024\/10\/slider.jpg\" data-customplayicontype=\"icon\" data-customplayiconlib=\"fas fa-play-circle\" data-customplayicon=\"true\" data-playicon=\"https:\/\/www.designeforma-development.com\/hitalent\/wp-content\/plugins\/essential-blocks\/assets\/images\/adv-video-playicon.svg\" data-download=\"false\"><\/div><\/div><\/div><\/div><\/div>\n<\/div><\/div>\n\n\n\n<div class=\"eb-tab-wrapper\" data-tab-id=\"16\" data-tab-parent-id=\"eb-advanced-tabs-3npjj\"><div class=\"eb-tab-inner\">\n<h3 class=\"wp-block-heading\">Plano de Forma\u00e7\u00e3o<\/h3>\n\n\n\n<div class=\"wp-block-essential-blocks-advanced-video  root-eb-advanced-video-djizp\"><div class=\"eb-parent-wrapper eb-parent-eb-advanced-video-djizp\"><div class=\"eb-advanced-video-wrapper eb-advanced-video-djizp none\" data-id=\"eb-advanced-video-djizp\"><div class=\"eb-player-wrapper eb-advanced-video-djizp\"><div class=\"eb-player-option none right\" data-id=\"eb-advanced-video-djizp\" data-url=\"https:\/\/youtu.be\/OAObBDlaZSY\" data-option=\"none\" data-controls=\"true\" data-loop=\"false\" data-muted=\"false\" data-playing=\"false\" data-overlay=\"false\" data-light=\"https:\/\/www.designeforma-development.com\/hitalent\/wp-content\/uploads\/2024\/10\/slider.jpg\" data-customplayicontype=\"icon\" data-customplayiconlib=\"fas fa-play-circle\" data-customplayicon=\"true\" data-playicon=\"https:\/\/www.designeforma-development.com\/hitalent\/wp-content\/plugins\/essential-blocks\/assets\/images\/adv-video-playicon.svg\" data-download=\"false\"><\/div><\/div><\/div><\/div><\/div>\n<\/div><\/div>\n<\/div><\/div><\/div><\/div>\n<\/div><\/div>","protected":false},"excerpt":{"rendered":"","protected":false},"author":1,"featured_media":0,"parent":0,"menu_order":0,"comment_status":"closed","ping_status":"closed","template":"","meta":{"_eb_attr":"","inline_featured_image":false,"site-sidebar-layout":"default","site-content-layout":"","ast-site-content-layout":"","site-content-style":"default","site-sidebar-style":"default","ast-global-header-display":"","ast-banner-title-visibility":"","ast-main-header-display":"","ast-hfb-above-header-display":"","ast-hfb-below-header-display":"","ast-hfb-mobile-header-display":"","site-post-title":"","ast-breadcrumbs-content":"","ast-featured-img":"","footer-sml-layout":"","theme-transparent-header-meta":"","adv-header-id-meta":"","stick-header-meta":"","header-above-stick-meta":"","header-main-stick-meta":"","header-below-stick-meta":"","astra-migrate-meta-layouts":"default","ast-page-background-enabled":"default","ast-page-background-meta":{"desktop":{"background-color":"var(--ast-global-color-4)","background-image":"","background-repeat":"repeat","background-position":"center center","background-size":"auto","background-attachment":"scroll","background-type":"","background-media":"","overlay-type":"","overlay-color":"","overlay-opacity":"","overlay-gradient":""},"tablet":{"background-color":"","background-image":"","background-repeat":"repeat","background-position":"center center","background-size":"auto","background-attachment":"scroll","background-type":"","background-media":"","overlay-type":"","overlay-color":"","overlay-opacity":"","overlay-gradient":""},"mobile":{"background-color":"","background-image":"","background-repeat":"repeat","background-position":"center center","background-size":"auto","background-attachment":"scroll","background-type":"","background-media":"","overlay-type":"","overlay-color":"","overlay-opacity":"","overlay-gradient":""}},"ast-content-background-meta":{"desktop":{"background-color":"var(--ast-global-color-5)","background-image":"","background-repeat":"repeat","background-position":"center center","background-size":"auto","background-attachment":"scroll","background-type":"","background-media":"","overlay-type":"","overlay-color":"","overlay-opacity":"","overlay-gradient":""},"tablet":{"background-color":"var(--ast-global-color-5)","background-image":"","background-repeat":"repeat","background-position":"center center","background-size":"auto","background-attachment":"scroll","background-type":"","background-media":"","overlay-type":"","overlay-color":"","overlay-opacity":"","overlay-gradient":""},"mobile":{"background-color":"var(--ast-global-color-5)","background-image":"","background-repeat":"repeat","background-position":"center center","background-size":"auto","background-attachment":"scroll","background-type":"","background-media":"","overlay-type":"","overlay-color":"","overlay-opacity":"","overlay-gradient":""}},"footnotes":""},"class_list":["post-125","page","type-page","status-publish","hentry"],"_links":{"self":[{"href":"https:\/\/hitalent.pt\/en\/wp-json\/wp\/v2\/pages\/125","targetHints":{"allow":["GET"]}}],"collection":[{"href":"https:\/\/hitalent.pt\/en\/wp-json\/wp\/v2\/pages"}],"about":[{"href":"https:\/\/hitalent.pt\/en\/wp-json\/wp\/v2\/types\/page"}],"author":[{"embeddable":true,"href":"https:\/\/hitalent.pt\/en\/wp-json\/wp\/v2\/users\/1"}],"replies":[{"embeddable":true,"href":"https:\/\/hitalent.pt\/en\/wp-json\/wp\/v2\/comments?post=125"}],"version-history":[{"count":33,"href":"https:\/\/hitalent.pt\/en\/wp-json\/wp\/v2\/pages\/125\/revisions"}],"predecessor-version":[{"id":385,"href":"https:\/\/hitalent.pt\/en\/wp-json\/wp\/v2\/pages\/125\/revisions\/385"}],"wp:attachment":[{"href":"https:\/\/hitalent.pt\/en\/wp-json\/wp\/v2\/media?parent=125"}],"curies":[{"name":"wp","href":"https:\/\/api.w.org\/{rel}","templated":true}]}}